{"id":6989,"date":"2020-02-10T11:40:14","date_gmt":"2020-02-10T10:40:14","guid":{"rendered":"https:\/\/tecnopress.becomdemo3.com\/contatti\/"},"modified":"2023-02-08T08:35:09","modified_gmt":"2023-02-08T07:35:09","slug":"kontakt","status":"publish","type":"page","link":"https:\/\/www.tecnopress.it\/de\/kontakt\/","title":{"rendered":"Kontakt"},"content":{"rendered":"\n<div class=\"wpcf7 no-js\" id=\"wpcf7-f7259-o1\" lang=\"de-DE\" dir=\"ltr\" data-wpcf7-id=\"7259\">\n<div class=\"screen-reader-response\"><p role=\"status\" aria-live=\"polite\" aria-atomic=\"true\"><\/p> <ul><\/ul><\/div>\n<form action=\"\/de\/wp-json\/wp\/v2\/pages\/6989#wpcf7-f7259-o1\" method=\"post\" class=\"wpcf7-form init\" aria-label=\"Kontaktformular\" novalidate=\"novalidate\" data-status=\"init\">\n<fieldset class=\"hidden-fields-container\"><input type=\"hidden\" name=\"_wpcf7\" value=\"7259\" \/><input type=\"hidden\" name=\"_wpcf7_version\" value=\"6.1.5\" \/><input type=\"hidden\" name=\"_wpcf7_locale\" value=\"de_DE\" \/><input type=\"hidden\" name=\"_wpcf7_unit_tag\" value=\"wpcf7-f7259-o1\" \/><input type=\"hidden\" name=\"_wpcf7_container_post\" value=\"0\" \/><input type=\"hidden\" name=\"_wpcf7_posted_data_hash\" value=\"\" \/><input type=\"hidden\" name=\"_wpcf7_recaptcha_response\" value=\"\" \/>\n<\/fieldset>\n<div class=\"row\">\n\t<div class=\"col-xs-12 col-md-6 \">\n\t\t<div class=\"form-group\">\n\t\t\t<p><span class=\"wpcf7-form-control-wrap\" data-name=\"nome\"><input size=\"40\" maxlength=\"400\" class=\"wpcf7-form-control wpcf7-text wpcf7-validates-as-required form-control\" aria-required=\"true\" aria-invalid=\"false\" placeholder=\"Vorname *\" value=\"\" type=\"text\" name=\"nome\" \/><\/span>\n\t\t\t<\/p>\n\t\t<\/div>\n\t<\/div>\n\t<div class=\"col-xs-12 col-md-6 \">\n\t\t<div class=\"form-group\">\n\t\t\t<p><span class=\"wpcf7-form-control-wrap\" data-name=\"cognome\"><input size=\"40\" maxlength=\"400\" class=\"wpcf7-form-control wpcf7-text wpcf7-validates-as-required form-control\" aria-required=\"true\" aria-invalid=\"false\" placeholder=\"Nachname *\" value=\"\" type=\"text\" name=\"cognome\" \/><\/span>\n\t\t\t<\/p>\n\t\t<\/div>\n\t<\/div>\n\t<div class=\"col-xs-12 col-md-6 \">\n\t\t<div class=\"form-group\">\n\t\t\t<p><span class=\"wpcf7-form-control-wrap\" data-name=\"telefono\"><input size=\"40\" maxlength=\"400\" class=\"wpcf7-form-control wpcf7-text wpcf7-validates-as-required form-control\" aria-required=\"true\" aria-invalid=\"false\" placeholder=\"Telefon *\" value=\"\" type=\"text\" name=\"telefono\" \/><\/span>\n\t\t\t<\/p>\n\t\t<\/div>\n\t<\/div>\n\t<div class=\"col-xs-12 col-md-6 \">\n\t\t<div class=\"form-group\">\n\t\t\t<p><span class=\"wpcf7-form-control-wrap\" data-name=\"email\"><input size=\"40\" maxlength=\"400\" class=\"wpcf7-form-control wpcf7-email wpcf7-validates-as-required wpcf7-text wpcf7-validates-as-email form-control\" aria-required=\"true\" aria-invalid=\"false\" placeholder=\"Email *\" value=\"\" type=\"email\" name=\"email\" \/><\/span>\n\t\t\t<\/p>\n\t\t<\/div>\n\t<\/div>\n\t<div class=\"col-xs-12 col-md-12 \">\n\t\t<div class=\"form-group styled-select slate select_tipo_richiesta\">\n\t\t\t<p><span class=\"wpcf7-form-control-wrap\" data-name=\"tipo-richiesta\"><select class=\"wpcf7-form-control wpcf7-select wpcf7-validates-as-required\" aria-required=\"true\" aria-invalid=\"false\" name=\"tipo-richiesta\"><option value=\"\">Anfrage *<\/option><option value=\"Angebotsanfrage\">Angebotsanfrage<\/option><option value=\"Lieferanten\">Lieferanten<\/option><option value=\"Allgemeine Anfrage\">Allgemeine Anfrage<\/option><\/select><\/span>\n\t\t\t<\/p>\n\t\t\t<p>\"Arbeitsanfrage\", \"Angebotsanfrage\", \"Lieferanten\", \"Allgemeine Anfrage\"\n\t\t\t<\/p>\n\t\t<\/div>\n\t<\/div>\n\t<div class=\"col-xs-12 col-md-12 hide\">\n\t\t<div class=\"form-group nome_tipo_richiesta\">\n\t\t\t<p><span class=\"wpcf7-form-control-wrap\" data-name=\"nome-tipo-richiesta\"><input size=\"40\" maxlength=\"400\" class=\"wpcf7-form-control wpcf7-text wpcf7-validates-as-required form-control\" aria-required=\"true\" aria-invalid=\"false\" placeholder=\"Nome tipo di richiesta *\" value=\"\" type=\"text\" name=\"nome-tipo-richiesta\" \/><\/span>\n\t\t\t<\/p>\n\t\t<\/div>\n\t<\/div>\n\t<div class=\"col-xs-12 col-md-12 \">\n\t\t<div class=\"form-group\">\n\t\t\t<p><span class=\"wpcf7-form-control-wrap\" data-name=\"message\"><textarea cols=\"40\" rows=\"10\" maxlength=\"2000\" class=\"wpcf7-form-control wpcf7-textarea wpcf7-validates-as-required form-control\" id=\"contatti_textarea\" aria-required=\"true\" aria-invalid=\"false\" placeholder=\"Nachricht *\" name=\"message\"><\/textarea><\/span>\n\t\t\t<\/p>\n\t\t<\/div>\n\t<\/div>\n\t<div class=\"col-xs-12 col-md-12\">\n\t\t<div class=\"spacer_s\">\n\t\t<\/div>\n\t<\/div>\n\t<div class=\"col-xs-12 col-md-12\">\n\t\t<div class=\"checkbox_container\">\n\t\t\t<p><span class=\"wpcf7-form-control-wrap\" data-name=\"trattamento-dati\"><span class=\"wpcf7-form-control wpcf7-acceptance\"><span class=\"wpcf7-list-item\"><label><input type=\"checkbox\" name=\"trattamento-dati\" value=\"1\" aria-invalid=\"false\" \/><span class=\"wpcf7-list-item-label\"><b>Datenschutzerkl\u00e4rung (<a href=\"https:\/\/www.iubenda.com\/privacy-policy\/60637314\" target=\"_blank\">Privacy Policy<\/a> und <a href=\"https:\/\/www.iubenda.com\/privacy-policy\/60637314\/cookie-policy\" target=\"_blank\">Cookie Policy<\/a>)<\/b><br>\nMit Bezug auf Ihre Datenschutzerkl\u00e4rung erlaube ich die Verarbeitung meiner pers\u00f6nlichen Daten ausschlie\u00dflich f\u00fcr den Zweck und die Durchf\u00fchrung der T\u00e4tigkeiten, f\u00fcr die meine Daten mitgeteilt und deren Ausf\u00fchrung ich eingewilligt habe.<br>Name des Verantwortlichen: <b>Tecnopress SpA<\/b><br><br>\nSollten Sie uns bereits kontaktiert haben und die Erlaubnis der Verarbeitung Ihrer pers\u00f6nlichen Daten zur\u00fcckziehen m\u00f6chten, schreiben Sie bitte an <a href=\"mailto:info@tecnopress.it\">info@tecnopress.it<\/a>. Wir werden so bald wie m\u00f6glich Ihrer Anfrage nachkommen.<\/span><\/label><\/span><\/span><\/span>\n\t\t\t<\/p>\n\t\t<\/div>\n\t<\/div>\n\t<div class=\"col-xs-12 col-md-12\">\n\t\t<div class=\"invia_button\">\n\t\t\t<p><input class=\"wpcf7-form-control wpcf7-submit has-spinner\" type=\"submit\" value=\"Senden\" \/>\n\t\t\t<\/p>\n\t\t<\/div>\n\t<\/div>\n<\/div><div class=\"wpcf7-response-output\" aria-hidden=\"true\"><\/div>\n<\/form>\n<\/div>\n\n","protected":false},"excerpt":{"rendered":"","protected":false},"author":1,"featured_media":6990,"parent":0,"menu_order":0,"comment_status":"closed","ping_status":"closed","template":"page_contatti.php","meta":{"footnotes":""},"categories":[],"tags":[],"class_list":["post-6989","page","type-page","status-publish","has-post-thumbnail","hentry"],"yoast_head":"<!-- This site is optimized with the Yoast SEO plugin v27.3 - https:\/\/yoast.com\/product\/yoast-seo-wordpress\/ -->\n<title>Kontakt | Tecnopress Spa | Aluminium Druckguss<\/title>\n<meta name=\"description\" content=\"Kontaktieren Sie uns f\u00fcr mehr Info su unseren Dienstleistungen und entdecken Sie, was wir f\u00fcr Ihre Projekte tun k\u00f6nnen.\" \/>\n<meta name=\"robots\" content=\"index, follow, max-snippet:-1, max-image-preview:large, max-video-preview:-1\" \/>\n<link rel=\"canonical\" href=\"https:\/\/www.tecnopress.it\/de\/kontakt\/\" \/>\n<meta property=\"og:locale\" content=\"de_DE\" \/>\n<meta property=\"og:type\" content=\"article\" \/>\n<meta property=\"og:title\" content=\"Kontakt | Tecnopress Spa | Aluminium Druckguss\" \/>\n<meta property=\"og:description\" content=\"Kontaktieren Sie uns f\u00fcr mehr Info su unseren Dienstleistungen und entdecken Sie, was wir f\u00fcr Ihre Projekte tun k\u00f6nnen.\" \/>\n<meta property=\"og:url\" content=\"https:\/\/www.tecnopress.it\/de\/kontakt\/\" \/>\n<meta property=\"og:site_name\" content=\"Tecnopress Spa\" \/>\n<meta property=\"article:modified_time\" content=\"2023-02-08T07:35:09+00:00\" \/>\n<meta property=\"og:image\" content=\"https:\/\/www.tecnopress.it\/wp-content\/uploads\/2021\/02\/banner-LMOD-2500x738-5-2.jpg\" \/>\n\t<meta property=\"og:image:width\" content=\"1920\" \/>\n\t<meta property=\"og:image:height\" content=\"567\" \/>\n\t<meta property=\"og:image:type\" content=\"image\/jpeg\" \/>\n<meta name=\"twitter:card\" content=\"summary_large_image\" \/>\n<meta name=\"twitter:label1\" content=\"Gesch\u00e4tzte Lesezeit\" \/>\n\t<meta name=\"twitter:data1\" content=\"1\u00a0Minute\" \/>\n<script type=\"application\/ld+json\" class=\"yoast-schema-graph\">{\"@context\":\"https:\\\/\\\/schema.org\",\"@graph\":[{\"@type\":\"WebPage\",\"@id\":\"https:\\\/\\\/www.tecnopress.it\\\/de\\\/kontakt\\\/\",\"url\":\"https:\\\/\\\/www.tecnopress.it\\\/de\\\/kontakt\\\/\",\"name\":\"Kontakt | Tecnopress Spa | Aluminium Druckguss\",\"isPartOf\":{\"@id\":\"https:\\\/\\\/www.tecnopress.it\\\/de\\\/#website\"},\"primaryImageOfPage\":{\"@id\":\"https:\\\/\\\/www.tecnopress.it\\\/de\\\/kontakt\\\/#primaryimage\"},\"image\":{\"@id\":\"https:\\\/\\\/www.tecnopress.it\\\/de\\\/kontakt\\\/#primaryimage\"},\"thumbnailUrl\":\"https:\\\/\\\/www.tecnopress.it\\\/wp-content\\\/uploads\\\/2021\\\/02\\\/banner-LMOD-2500x738-5-2.jpg\",\"datePublished\":\"2020-02-10T10:40:14+00:00\",\"dateModified\":\"2023-02-08T07:35:09+00:00\",\"description\":\"Kontaktieren Sie uns f\u00fcr mehr Info su unseren Dienstleistungen und entdecken Sie, was wir f\u00fcr Ihre Projekte tun k\u00f6nnen.\",\"breadcrumb\":{\"@id\":\"https:\\\/\\\/www.tecnopress.it\\\/de\\\/kontakt\\\/#breadcrumb\"},\"inLanguage\":\"de\",\"potentialAction\":[{\"@type\":\"ReadAction\",\"target\":[\"https:\\\/\\\/www.tecnopress.it\\\/de\\\/kontakt\\\/\"]}]},{\"@type\":\"ImageObject\",\"inLanguage\":\"de\",\"@id\":\"https:\\\/\\\/www.tecnopress.it\\\/de\\\/kontakt\\\/#primaryimage\",\"url\":\"https:\\\/\\\/www.tecnopress.it\\\/wp-content\\\/uploads\\\/2021\\\/02\\\/banner-LMOD-2500x738-5-2.jpg\",\"contentUrl\":\"https:\\\/\\\/www.tecnopress.it\\\/wp-content\\\/uploads\\\/2021\\\/02\\\/banner-LMOD-2500x738-5-2.jpg\",\"width\":1920,\"height\":567},{\"@type\":\"BreadcrumbList\",\"@id\":\"https:\\\/\\\/www.tecnopress.it\\\/de\\\/kontakt\\\/#breadcrumb\",\"itemListElement\":[{\"@type\":\"ListItem\",\"position\":1,\"name\":\"Home\",\"item\":\"https:\\\/\\\/www.tecnopress.it\\\/de\\\/\"},{\"@type\":\"ListItem\",\"position\":2,\"name\":\"Kontakt\"}]},{\"@type\":\"WebSite\",\"@id\":\"https:\\\/\\\/www.tecnopress.it\\\/de\\\/#website\",\"url\":\"https:\\\/\\\/www.tecnopress.it\\\/de\\\/\",\"name\":\"Tecnopress Spa\",\"description\":\"We lead the innovaction\",\"potentialAction\":[{\"@type\":\"SearchAction\",\"target\":{\"@type\":\"EntryPoint\",\"urlTemplate\":\"https:\\\/\\\/www.tecnopress.it\\\/de\\\/?s={search_term_string}\"},\"query-input\":{\"@type\":\"PropertyValueSpecification\",\"valueRequired\":true,\"valueName\":\"search_term_string\"}}],\"inLanguage\":\"de\"}]}<\/script>\n<!-- \/ Yoast SEO plugin. -->","yoast_head_json":{"title":"Kontakt | Tecnopress Spa | Aluminium Druckguss","description":"Kontaktieren Sie uns f\u00fcr mehr Info su unseren Dienstleistungen und entdecken Sie, was wir f\u00fcr Ihre Projekte tun k\u00f6nnen.","robots":{"index":"index","follow":"follow","max-snippet":"max-snippet:-1","max-image-preview":"max-image-preview:large","max-video-preview":"max-video-preview:-1"},"canonical":"https:\/\/www.tecnopress.it\/de\/kontakt\/","og_locale":"de_DE","og_type":"article","og_title":"Kontakt | Tecnopress Spa | Aluminium Druckguss","og_description":"Kontaktieren Sie uns f\u00fcr mehr Info su unseren Dienstleistungen und entdecken Sie, was wir f\u00fcr Ihre Projekte tun k\u00f6nnen.","og_url":"https:\/\/www.tecnopress.it\/de\/kontakt\/","og_site_name":"Tecnopress Spa","article_modified_time":"2023-02-08T07:35:09+00:00","og_image":[{"width":1920,"height":567,"url":"https:\/\/www.tecnopress.it\/wp-content\/uploads\/2021\/02\/banner-LMOD-2500x738-5-2.jpg","type":"image\/jpeg"}],"twitter_card":"summary_large_image","twitter_misc":{"Gesch\u00e4tzte Lesezeit":"1\u00a0Minute"},"schema":{"@context":"https:\/\/schema.org","@graph":[{"@type":"WebPage","@id":"https:\/\/www.tecnopress.it\/de\/kontakt\/","url":"https:\/\/www.tecnopress.it\/de\/kontakt\/","name":"Kontakt | Tecnopress Spa | Aluminium Druckguss","isPartOf":{"@id":"https:\/\/www.tecnopress.it\/de\/#website"},"primaryImageOfPage":{"@id":"https:\/\/www.tecnopress.it\/de\/kontakt\/#primaryimage"},"image":{"@id":"https:\/\/www.tecnopress.it\/de\/kontakt\/#primaryimage"},"thumbnailUrl":"https:\/\/www.tecnopress.it\/wp-content\/uploads\/2021\/02\/banner-LMOD-2500x738-5-2.jpg","datePublished":"2020-02-10T10:40:14+00:00","dateModified":"2023-02-08T07:35:09+00:00","description":"Kontaktieren Sie uns f\u00fcr mehr Info su unseren Dienstleistungen und entdecken Sie, was wir f\u00fcr Ihre Projekte tun k\u00f6nnen.","breadcrumb":{"@id":"https:\/\/www.tecnopress.it\/de\/kontakt\/#breadcrumb"},"inLanguage":"de","potentialAction":[{"@type":"ReadAction","target":["https:\/\/www.tecnopress.it\/de\/kontakt\/"]}]},{"@type":"ImageObject","inLanguage":"de","@id":"https:\/\/www.tecnopress.it\/de\/kontakt\/#primaryimage","url":"https:\/\/www.tecnopress.it\/wp-content\/uploads\/2021\/02\/banner-LMOD-2500x738-5-2.jpg","contentUrl":"https:\/\/www.tecnopress.it\/wp-content\/uploads\/2021\/02\/banner-LMOD-2500x738-5-2.jpg","width":1920,"height":567},{"@type":"BreadcrumbList","@id":"https:\/\/www.tecnopress.it\/de\/kontakt\/#breadcrumb","itemListElement":[{"@type":"ListItem","position":1,"name":"Home","item":"https:\/\/www.tecnopress.it\/de\/"},{"@type":"ListItem","position":2,"name":"Kontakt"}]},{"@type":"WebSite","@id":"https:\/\/www.tecnopress.it\/de\/#website","url":"https:\/\/www.tecnopress.it\/de\/","name":"Tecnopress Spa","description":"We lead the innovaction","potentialAction":[{"@type":"SearchAction","target":{"@type":"EntryPoint","urlTemplate":"https:\/\/www.tecnopress.it\/de\/?s={search_term_string}"},"query-input":{"@type":"PropertyValueSpecification","valueRequired":true,"valueName":"search_term_string"}}],"inLanguage":"de"}]}},"_links":{"self":[{"href":"https:\/\/www.tecnopress.it\/de\/wp-json\/wp\/v2\/pages\/6989","targetHints":{"allow":["GET"]}}],"collection":[{"href":"https:\/\/www.tecnopress.it\/de\/wp-json\/wp\/v2\/pages"}],"about":[{"href":"https:\/\/www.tecnopress.it\/de\/wp-json\/wp\/v2\/types\/page"}],"author":[{"embeddable":true,"href":"https:\/\/www.tecnopress.it\/de\/wp-json\/wp\/v2\/users\/1"}],"replies":[{"embeddable":true,"href":"https:\/\/www.tecnopress.it\/de\/wp-json\/wp\/v2\/comments?post=6989"}],"version-history":[{"count":5,"href":"https:\/\/www.tecnopress.it\/de\/wp-json\/wp\/v2\/pages\/6989\/revisions"}],"predecessor-version":[{"id":7638,"href":"https:\/\/www.tecnopress.it\/de\/wp-json\/wp\/v2\/pages\/6989\/revisions\/7638"}],"wp:featuredmedia":[{"embeddable":true,"href":"https:\/\/www.tecnopress.it\/de\/wp-json\/wp\/v2\/media\/6990"}],"wp:attachment":[{"href":"https:\/\/www.tecnopress.it\/de\/wp-json\/wp\/v2\/media?parent=6989"}],"wp:term":[{"taxonomy":"category","embeddable":true,"href":"https:\/\/www.tecnopress.it\/de\/wp-json\/wp\/v2\/categories?post=6989"},{"taxonomy":"post_tag","embeddable":true,"href":"https:\/\/www.tecnopress.it\/de\/wp-json\/wp\/v2\/tags?post=6989"}],"curies":[{"name":"wp","href":"https:\/\/api.w.org\/{rel}","templated":true}]}}