{"id":7055,"date":"2021-07-23T10:54:09","date_gmt":"2021-07-23T08:54:09","guid":{"rendered":"https:\/\/tecnopress.becomdemo3.com\/mission\/"},"modified":"2023-02-09T13:34:38","modified_gmt":"2023-02-09T12:34:38","slug":"mission","status":"publish","type":"page","link":"https:\/\/www.tecnopress.it\/de\/mission\/","title":{"rendered":"Mission"},"content":{"rendered":"","protected":false},"excerpt":{"rendered":"","protected":false},"author":1,"featured_media":6736,"parent":0,"menu_order":0,"comment_status":"closed","ping_status":"closed","template":"page_mission.php","meta":{"footnotes":""},"categories":[],"tags":[],"class_list":["post-7055","page","type-page","status-publish","has-post-thumbnail","hentry"],"yoast_head":"<!-- This site is optimized with the Yoast SEO plugin v27.3 - https:\/\/yoast.com\/product\/yoast-seo-wordpress\/ -->\n<title>Mission | Tecnopress Spa | Aluminium Druckguss<\/title>\n<meta name=\"description\" content=\"Wir stehen auf der Seite unserer Kunden. In Zusammenarbeit mit ihnen arbeiten wir an hochwertigen L\u00f6sungen f\u00fcr einen gemeinsamen Erfolg und ein st\u00e4ndiges Wachstum.\" \/>\n<meta name=\"robots\" content=\"index, follow, max-snippet:-1, max-image-preview:large, max-video-preview:-1\" \/>\n<link rel=\"canonical\" href=\"https:\/\/www.tecnopress.it\/de\/mission\/\" \/>\n<meta property=\"og:locale\" content=\"de_DE\" \/>\n<meta property=\"og:type\" content=\"article\" \/>\n<meta property=\"og:title\" content=\"Mission | Tecnopress Spa | Aluminium Druckguss\" \/>\n<meta property=\"og:description\" content=\"Wir stehen auf der Seite unserer Kunden. In Zusammenarbeit mit ihnen arbeiten wir an hochwertigen L\u00f6sungen f\u00fcr einen gemeinsamen Erfolg und ein st\u00e4ndiges Wachstum.\" \/>\n<meta property=\"og:url\" content=\"https:\/\/www.tecnopress.it\/de\/mission\/\" \/>\n<meta property=\"og:site_name\" content=\"Tecnopress Spa\" \/>\n<meta property=\"article:modified_time\" content=\"2023-02-09T12:34:38+00:00\" \/>\n<meta property=\"og:image\" content=\"https:\/\/www.tecnopress.it\/wp-content\/uploads\/2022\/02\/tecnopress-mission.jpg\" \/>\n\t<meta property=\"og:image:width\" content=\"1920\" \/>\n\t<meta property=\"og:image:height\" content=\"1280\" \/>\n\t<meta property=\"og:image:type\" content=\"image\/jpeg\" \/>\n<meta name=\"twitter:card\" content=\"summary_large_image\" \/>\n<script type=\"application\/ld+json\" class=\"yoast-schema-graph\">{\"@context\":\"https:\\\/\\\/schema.org\",\"@graph\":[{\"@type\":\"WebPage\",\"@id\":\"https:\\\/\\\/www.tecnopress.it\\\/de\\\/mission\\\/\",\"url\":\"https:\\\/\\\/www.tecnopress.it\\\/de\\\/mission\\\/\",\"name\":\"Mission | Tecnopress Spa | Aluminium Druckguss\",\"isPartOf\":{\"@id\":\"https:\\\/\\\/www.tecnopress.it\\\/de\\\/#website\"},\"primaryImageOfPage\":{\"@id\":\"https:\\\/\\\/www.tecnopress.it\\\/de\\\/mission\\\/#primaryimage\"},\"image\":{\"@id\":\"https:\\\/\\\/www.tecnopress.it\\\/de\\\/mission\\\/#primaryimage\"},\"thumbnailUrl\":\"https:\\\/\\\/www.tecnopress.it\\\/wp-content\\\/uploads\\\/2022\\\/02\\\/tecnopress-mission.jpg\",\"datePublished\":\"2021-07-23T08:54:09+00:00\",\"dateModified\":\"2023-02-09T12:34:38+00:00\",\"description\":\"Wir stehen auf der Seite unserer Kunden. In Zusammenarbeit mit ihnen arbeiten wir an hochwertigen L\u00f6sungen f\u00fcr einen gemeinsamen Erfolg und ein st\u00e4ndiges Wachstum.\",\"breadcrumb\":{\"@id\":\"https:\\\/\\\/www.tecnopress.it\\\/de\\\/mission\\\/#breadcrumb\"},\"inLanguage\":\"de\",\"potentialAction\":[{\"@type\":\"ReadAction\",\"target\":[\"https:\\\/\\\/www.tecnopress.it\\\/de\\\/mission\\\/\"]}]},{\"@type\":\"ImageObject\",\"inLanguage\":\"de\",\"@id\":\"https:\\\/\\\/www.tecnopress.it\\\/de\\\/mission\\\/#primaryimage\",\"url\":\"https:\\\/\\\/www.tecnopress.it\\\/wp-content\\\/uploads\\\/2022\\\/02\\\/tecnopress-mission.jpg\",\"contentUrl\":\"https:\\\/\\\/www.tecnopress.it\\\/wp-content\\\/uploads\\\/2022\\\/02\\\/tecnopress-mission.jpg\",\"width\":1920,\"height\":1280,\"caption\":\"Tecnopress mission\"},{\"@type\":\"BreadcrumbList\",\"@id\":\"https:\\\/\\\/www.tecnopress.it\\\/de\\\/mission\\\/#breadcrumb\",\"itemListElement\":[{\"@type\":\"ListItem\",\"position\":1,\"name\":\"Home\",\"item\":\"https:\\\/\\\/www.tecnopress.it\\\/de\\\/\"},{\"@type\":\"ListItem\",\"position\":2,\"name\":\"Mission\"}]},{\"@type\":\"WebSite\",\"@id\":\"https:\\\/\\\/www.tecnopress.it\\\/de\\\/#website\",\"url\":\"https:\\\/\\\/www.tecnopress.it\\\/de\\\/\",\"name\":\"Tecnopress Spa\",\"description\":\"We lead the innovaction\",\"potentialAction\":[{\"@type\":\"SearchAction\",\"target\":{\"@type\":\"EntryPoint\",\"urlTemplate\":\"https:\\\/\\\/www.tecnopress.it\\\/de\\\/?s={search_term_string}\"},\"query-input\":{\"@type\":\"PropertyValueSpecification\",\"valueRequired\":true,\"valueName\":\"search_term_string\"}}],\"inLanguage\":\"de\"}]}<\/script>\n<!-- \/ Yoast SEO plugin. -->","yoast_head_json":{"title":"Mission | Tecnopress Spa | Aluminium Druckguss","description":"Wir stehen auf der Seite unserer Kunden. In Zusammenarbeit mit ihnen arbeiten wir an hochwertigen L\u00f6sungen f\u00fcr einen gemeinsamen Erfolg und ein st\u00e4ndiges Wachstum.","robots":{"index":"index","follow":"follow","max-snippet":"max-snippet:-1","max-image-preview":"max-image-preview:large","max-video-preview":"max-video-preview:-1"},"canonical":"https:\/\/www.tecnopress.it\/de\/mission\/","og_locale":"de_DE","og_type":"article","og_title":"Mission | Tecnopress Spa | Aluminium Druckguss","og_description":"Wir stehen auf der Seite unserer Kunden. In Zusammenarbeit mit ihnen arbeiten wir an hochwertigen L\u00f6sungen f\u00fcr einen gemeinsamen Erfolg und ein st\u00e4ndiges Wachstum.","og_url":"https:\/\/www.tecnopress.it\/de\/mission\/","og_site_name":"Tecnopress Spa","article_modified_time":"2023-02-09T12:34:38+00:00","og_image":[{"width":1920,"height":1280,"url":"https:\/\/www.tecnopress.it\/wp-content\/uploads\/2022\/02\/tecnopress-mission.jpg","type":"image\/jpeg"}],"twitter_card":"summary_large_image","schema":{"@context":"https:\/\/schema.org","@graph":[{"@type":"WebPage","@id":"https:\/\/www.tecnopress.it\/de\/mission\/","url":"https:\/\/www.tecnopress.it\/de\/mission\/","name":"Mission | Tecnopress Spa | Aluminium Druckguss","isPartOf":{"@id":"https:\/\/www.tecnopress.it\/de\/#website"},"primaryImageOfPage":{"@id":"https:\/\/www.tecnopress.it\/de\/mission\/#primaryimage"},"image":{"@id":"https:\/\/www.tecnopress.it\/de\/mission\/#primaryimage"},"thumbnailUrl":"https:\/\/www.tecnopress.it\/wp-content\/uploads\/2022\/02\/tecnopress-mission.jpg","datePublished":"2021-07-23T08:54:09+00:00","dateModified":"2023-02-09T12:34:38+00:00","description":"Wir stehen auf der Seite unserer Kunden. In Zusammenarbeit mit ihnen arbeiten wir an hochwertigen L\u00f6sungen f\u00fcr einen gemeinsamen Erfolg und ein st\u00e4ndiges Wachstum.","breadcrumb":{"@id":"https:\/\/www.tecnopress.it\/de\/mission\/#breadcrumb"},"inLanguage":"de","potentialAction":[{"@type":"ReadAction","target":["https:\/\/www.tecnopress.it\/de\/mission\/"]}]},{"@type":"ImageObject","inLanguage":"de","@id":"https:\/\/www.tecnopress.it\/de\/mission\/#primaryimage","url":"https:\/\/www.tecnopress.it\/wp-content\/uploads\/2022\/02\/tecnopress-mission.jpg","contentUrl":"https:\/\/www.tecnopress.it\/wp-content\/uploads\/2022\/02\/tecnopress-mission.jpg","width":1920,"height":1280,"caption":"Tecnopress mission"},{"@type":"BreadcrumbList","@id":"https:\/\/www.tecnopress.it\/de\/mission\/#breadcrumb","itemListElement":[{"@type":"ListItem","position":1,"name":"Home","item":"https:\/\/www.tecnopress.it\/de\/"},{"@type":"ListItem","position":2,"name":"Mission"}]},{"@type":"WebSite","@id":"https:\/\/www.tecnopress.it\/de\/#website","url":"https:\/\/www.tecnopress.it\/de\/","name":"Tecnopress Spa","description":"We lead the innovaction","potentialAction":[{"@type":"SearchAction","target":{"@type":"EntryPoint","urlTemplate":"https:\/\/www.tecnopress.it\/de\/?s={search_term_string}"},"query-input":{"@type":"PropertyValueSpecification","valueRequired":true,"valueName":"search_term_string"}}],"inLanguage":"de"}]}},"_links":{"self":[{"href":"https:\/\/www.tecnopress.it\/de\/wp-json\/wp\/v2\/pages\/7055","targetHints":{"allow":["GET"]}}],"collection":[{"href":"https:\/\/www.tecnopress.it\/de\/wp-json\/wp\/v2\/pages"}],"about":[{"href":"https:\/\/www.tecnopress.it\/de\/wp-json\/wp\/v2\/types\/page"}],"author":[{"embeddable":true,"href":"https:\/\/www.tecnopress.it\/de\/wp-json\/wp\/v2\/users\/1"}],"replies":[{"embeddable":true,"href":"https:\/\/www.tecnopress.it\/de\/wp-json\/wp\/v2\/comments?post=7055"}],"version-history":[{"count":4,"href":"https:\/\/www.tecnopress.it\/de\/wp-json\/wp\/v2\/pages\/7055\/revisions"}],"predecessor-version":[{"id":7827,"href":"https:\/\/www.tecnopress.it\/de\/wp-json\/wp\/v2\/pages\/7055\/revisions\/7827"}],"wp:featuredmedia":[{"embeddable":true,"href":"https:\/\/www.tecnopress.it\/de\/wp-json\/wp\/v2\/media\/6736"}],"wp:attachment":[{"href":"https:\/\/www.tecnopress.it\/de\/wp-json\/wp\/v2\/media?parent=7055"}],"wp:term":[{"taxonomy":"category","embeddable":true,"href":"https:\/\/www.tecnopress.it\/de\/wp-json\/wp\/v2\/categories?post=7055"},{"taxonomy":"post_tag","embeddable":true,"href":"https:\/\/www.tecnopress.it\/de\/wp-json\/wp\/v2\/tags?post=7055"}],"curies":[{"name":"wp","href":"https:\/\/api.w.org\/{rel}","templated":true}]}}