{"id":7691,"date":"2023-01-12T14:40:59","date_gmt":"2023-01-12T13:40:59","guid":{"rendered":"https:\/\/tecnopress.becomdemo3.com\/?page_id=7691"},"modified":"2025-07-04T09:19:14","modified_gmt":"2025-07-04T07:19:14","slug":"nachhaltigkeit","status":"publish","type":"page","link":"https:\/\/www.tecnopress.it\/de\/nachhaltigkeit\/","title":{"rendered":"Nachhaltigkeit"},"content":{"rendered":"<h2><strong>Verantwortung f\u00fcr Menschen und Umwelt<\/strong><\/h2>\n<p>Nachhaltigkeit ist f\u00fcr Tecnopress <strong>ein Schl\u00fcsselaspekt<\/strong> in allen Gesch\u00e4ftst\u00e4tigkeiten und <strong>Ausgangspunkt f\u00fcr alle Projekte<\/strong>, die wir f\u00fcr und mit unseren Kunden entwickeln.<\/p>\n<p><strong>Umwelt- und Energienachhaltigkeit<\/strong>: die Erzeugung erneuerbarer Energie durch die auf dem Dach des Unternehmens installierten Photovoltaikmodule und die R\u00fcckgewinnung aller Gie\u00dfereiabf\u00e4lle,\u00a0 die nach M\u00f6glichkeit wiederverwendet oder unter vollst\u00e4ndiger Einhaltung der Umweltvorschriften getrennt entsorgt werden, zeugen von unserem Einsatz f\u00fcr Umwelt und Energie. F\u00fcr alle Produktionsprozesse sowie f\u00fcr das Heizen und K\u00fchlen aller R\u00e4umlichkeiten sind in unserem Unternehmen Energieeffizienzsysteme vorgesehen. Dar\u00fcber hinaus wird das in der Produktion verwendete Wasser \u00fcber ein integriertes Sammelsystem zur\u00fcckgewonnen und aufbereitet, um im Herstellungsproze\u00df wiederverwendet zu werden.<\/p>\n<p><strong>Ethische und soziale Nachhaltigkeit<\/strong>, deren Fokus auf dem Wohlergehen aller Mitarbeiter in der Produktionskette liegt, um einen sicheren Arbeitsort zu gew\u00e4hrleisten, der die k\u00f6rperliche und psychische Gesundheit aller Mitglieder der Belegschaft sch\u00fctzt und M\u00f6glichkeiten f\u00fcr Wachstum und Entwicklung ihres Potenzials bietet. Zudem legt Tecnopress gro\u00dfen Wert auf eine starke Verbundenheit mit dem sozialen Umfeld und dem Stammgebiet und setzt sich ein, damit jede Art von Diskriminierung und soziale Ausgrenzung bek\u00e4mpft wird. Am Arbeitsort sollen Vielfalt und Meritokratie herrschen.<\/p>\n<p><strong>Nachhaltigkeit der Liefer- und Finanzkette<\/strong>: wir wollen unsere Kunden auf ihrem Weg begleiten und die gew\u00fcnschten Ziele durch die Entwicklung wirtschaftlich nachhaltiger Projekte erreichen und gleichzeitig die Verf\u00fcgbarkeit und Aufrechterhaltung der erforderlichen Produktionsquellen und -mittel sicherstellen, um auch in Zukunft unsere Kunden mit normgerechten Teilen und kontinuierlicher Innovation bedienen zu k\u00f6nnen. Faire und aufrichtige Verh\u00e4ltnisse mit allen Mitgliedern der Lieferkette und korrekte soziale Kommunikation sind grundlegend in der Verwaltung aller Unternehmenst\u00e4tigkeiten.<\/p>\n<p>&nbsp;<\/p>\n<h2><span style=\"color: #ffffff;\"><a style=\"color: #ffffff;\" href=\"https:\/\/www.tecnopress.it\/wp-content\/uploads\/2025\/07\/Sustainability-Report-2024.pdf\">Sustainability Report 2024<\/a><\/span><\/h2>\n","protected":false},"excerpt":{"rendered":"<p>Verantwortung f\u00fcr Menschen und Umwelt Nachhaltigkeit ist f\u00fcr Tecnopress ein Schl\u00fcsselaspekt in allen Gesch\u00e4ftst\u00e4tigkeiten und Ausgangspunkt f\u00fcr alle Projekte, die wir f\u00fcr und mit unseren Kunden entwickeln. Umwelt- und Energienachhaltigkeit: die Erzeugung erneuerbarer Energie durch die auf dem Dach des Unternehmens installierten Photovoltaikmodule und die R\u00fcckgewinnung aller Gie\u00dfereiabf\u00e4lle,\u00a0 die nach M\u00f6glichkeit wiederverwendet oder unter vollst\u00e4ndiger [&hellip;]<\/p>\n","protected":false},"author":1,"featured_media":7704,"parent":0,"menu_order":0,"comment_status":"closed","ping_status":"closed","template":"page_sostenibilita.php","meta":{"footnotes":""},"categories":[],"tags":[],"class_list":["post-7691","page","type-page","status-publish","has-post-thumbnail","hentry"],"yoast_head":"<!-- This site is optimized with the Yoast SEO plugin v27.3 - https:\/\/yoast.com\/product\/yoast-seo-wordpress\/ -->\n<title>Verantwortung f\u00fcr Menschen und Umwelt | Tecnopress Spa<\/title>\n<meta name=\"description\" content=\"-1333Nachhaltigkeit ist f\u00fcr Tecnopress ein Schl\u00fcsselaspekt in allen Gesch\u00e4ftst\u00e4tigkeiten und Ausgangspunkt f\u00fcr alle Projekte.\" \/>\n<meta name=\"robots\" content=\"index, follow, max-snippet:-1, max-image-preview:large, max-video-preview:-1\" \/>\n<link rel=\"canonical\" href=\"https:\/\/www.tecnopress.it\/de\/nachhaltigkeit\/\" \/>\n<meta property=\"og:locale\" content=\"de_DE\" \/>\n<meta property=\"og:type\" content=\"article\" \/>\n<meta property=\"og:title\" content=\"Verantwortung f\u00fcr Menschen und Umwelt | Tecnopress Spa\" \/>\n<meta property=\"og:description\" content=\"-1333Nachhaltigkeit ist f\u00fcr Tecnopress ein Schl\u00fcsselaspekt in allen Gesch\u00e4ftst\u00e4tigkeiten und Ausgangspunkt f\u00fcr alle Projekte.\" \/>\n<meta property=\"og:url\" content=\"https:\/\/www.tecnopress.it\/de\/nachhaltigkeit\/\" \/>\n<meta property=\"og:site_name\" content=\"Tecnopress Spa\" \/>\n<meta property=\"article:modified_time\" content=\"2025-07-04T07:19:14+00:00\" \/>\n<meta property=\"og:image\" content=\"https:\/\/www.tecnopress.it\/wp-content\/uploads\/2022\/12\/environmental-conservation-plant-sustainability-2022-12-16-00-41-30-utc.jpg\" \/>\n\t<meta property=\"og:image:width\" content=\"1080\" \/>\n\t<meta property=\"og:image:height\" content=\"721\" \/>\n\t<meta property=\"og:image:type\" content=\"image\/jpeg\" \/>\n<meta name=\"twitter:card\" content=\"summary_large_image\" \/>\n<meta name=\"twitter:label1\" content=\"Gesch\u00e4tzte Lesezeit\" \/>\n\t<meta name=\"twitter:data1\" content=\"2\u00a0Minuten\" \/>\n<script type=\"application\/ld+json\" class=\"yoast-schema-graph\">{\"@context\":\"https:\\\/\\\/schema.org\",\"@graph\":[{\"@type\":\"WebPage\",\"@id\":\"https:\\\/\\\/www.tecnopress.it\\\/de\\\/nachhaltigkeit\\\/\",\"url\":\"https:\\\/\\\/www.tecnopress.it\\\/de\\\/nachhaltigkeit\\\/\",\"name\":\"Verantwortung f\u00fcr Menschen und Umwelt | Tecnopress Spa\",\"isPartOf\":{\"@id\":\"https:\\\/\\\/www.tecnopress.it\\\/de\\\/#website\"},\"primaryImageOfPage\":{\"@id\":\"https:\\\/\\\/www.tecnopress.it\\\/de\\\/nachhaltigkeit\\\/#primaryimage\"},\"image\":{\"@id\":\"https:\\\/\\\/www.tecnopress.it\\\/de\\\/nachhaltigkeit\\\/#primaryimage\"},\"thumbnailUrl\":\"https:\\\/\\\/www.tecnopress.it\\\/wp-content\\\/uploads\\\/2022\\\/12\\\/environmental-conservation-plant-sustainability-2022-12-16-00-41-30-utc.jpg\",\"datePublished\":\"2023-01-12T13:40:59+00:00\",\"dateModified\":\"2025-07-04T07:19:14+00:00\",\"description\":\"-1333Nachhaltigkeit ist f\u00fcr Tecnopress ein Schl\u00fcsselaspekt in allen Gesch\u00e4ftst\u00e4tigkeiten und Ausgangspunkt f\u00fcr alle Projekte.\",\"breadcrumb\":{\"@id\":\"https:\\\/\\\/www.tecnopress.it\\\/de\\\/nachhaltigkeit\\\/#breadcrumb\"},\"inLanguage\":\"de\",\"potentialAction\":[{\"@type\":\"ReadAction\",\"target\":[\"https:\\\/\\\/www.tecnopress.it\\\/de\\\/nachhaltigkeit\\\/\"]}]},{\"@type\":\"ImageObject\",\"inLanguage\":\"de\",\"@id\":\"https:\\\/\\\/www.tecnopress.it\\\/de\\\/nachhaltigkeit\\\/#primaryimage\",\"url\":\"https:\\\/\\\/www.tecnopress.it\\\/wp-content\\\/uploads\\\/2022\\\/12\\\/environmental-conservation-plant-sustainability-2022-12-16-00-41-30-utc.jpg\",\"contentUrl\":\"https:\\\/\\\/www.tecnopress.it\\\/wp-content\\\/uploads\\\/2022\\\/12\\\/environmental-conservation-plant-sustainability-2022-12-16-00-41-30-utc.jpg\",\"width\":1080,\"height\":721},{\"@type\":\"BreadcrumbList\",\"@id\":\"https:\\\/\\\/www.tecnopress.it\\\/de\\\/nachhaltigkeit\\\/#breadcrumb\",\"itemListElement\":[{\"@type\":\"ListItem\",\"position\":1,\"name\":\"Home\",\"item\":\"https:\\\/\\\/www.tecnopress.it\\\/de\\\/\"},{\"@type\":\"ListItem\",\"position\":2,\"name\":\"Nachhaltigkeit\"}]},{\"@type\":\"WebSite\",\"@id\":\"https:\\\/\\\/www.tecnopress.it\\\/de\\\/#website\",\"url\":\"https:\\\/\\\/www.tecnopress.it\\\/de\\\/\",\"name\":\"Tecnopress Spa\",\"description\":\"We lead the innovaction\",\"potentialAction\":[{\"@type\":\"SearchAction\",\"target\":{\"@type\":\"EntryPoint\",\"urlTemplate\":\"https:\\\/\\\/www.tecnopress.it\\\/de\\\/?s={search_term_string}\"},\"query-input\":{\"@type\":\"PropertyValueSpecification\",\"valueRequired\":true,\"valueName\":\"search_term_string\"}}],\"inLanguage\":\"de\"}]}<\/script>\n<!-- \/ Yoast SEO plugin. -->","yoast_head_json":{"title":"Verantwortung f\u00fcr Menschen und Umwelt | Tecnopress Spa","description":"-1333Nachhaltigkeit ist f\u00fcr Tecnopress ein Schl\u00fcsselaspekt in allen Gesch\u00e4ftst\u00e4tigkeiten und Ausgangspunkt f\u00fcr alle Projekte.","robots":{"index":"index","follow":"follow","max-snippet":"max-snippet:-1","max-image-preview":"max-image-preview:large","max-video-preview":"max-video-preview:-1"},"canonical":"https:\/\/www.tecnopress.it\/de\/nachhaltigkeit\/","og_locale":"de_DE","og_type":"article","og_title":"Verantwortung f\u00fcr Menschen und Umwelt | Tecnopress Spa","og_description":"-1333Nachhaltigkeit ist f\u00fcr Tecnopress ein Schl\u00fcsselaspekt in allen Gesch\u00e4ftst\u00e4tigkeiten und Ausgangspunkt f\u00fcr alle Projekte.","og_url":"https:\/\/www.tecnopress.it\/de\/nachhaltigkeit\/","og_site_name":"Tecnopress Spa","article_modified_time":"2025-07-04T07:19:14+00:00","og_image":[{"width":1080,"height":721,"url":"https:\/\/www.tecnopress.it\/wp-content\/uploads\/2022\/12\/environmental-conservation-plant-sustainability-2022-12-16-00-41-30-utc.jpg","type":"image\/jpeg"}],"twitter_card":"summary_large_image","twitter_misc":{"Gesch\u00e4tzte Lesezeit":"2\u00a0Minuten"},"schema":{"@context":"https:\/\/schema.org","@graph":[{"@type":"WebPage","@id":"https:\/\/www.tecnopress.it\/de\/nachhaltigkeit\/","url":"https:\/\/www.tecnopress.it\/de\/nachhaltigkeit\/","name":"Verantwortung f\u00fcr Menschen und Umwelt | Tecnopress Spa","isPartOf":{"@id":"https:\/\/www.tecnopress.it\/de\/#website"},"primaryImageOfPage":{"@id":"https:\/\/www.tecnopress.it\/de\/nachhaltigkeit\/#primaryimage"},"image":{"@id":"https:\/\/www.tecnopress.it\/de\/nachhaltigkeit\/#primaryimage"},"thumbnailUrl":"https:\/\/www.tecnopress.it\/wp-content\/uploads\/2022\/12\/environmental-conservation-plant-sustainability-2022-12-16-00-41-30-utc.jpg","datePublished":"2023-01-12T13:40:59+00:00","dateModified":"2025-07-04T07:19:14+00:00","description":"-1333Nachhaltigkeit ist f\u00fcr Tecnopress ein Schl\u00fcsselaspekt in allen Gesch\u00e4ftst\u00e4tigkeiten und Ausgangspunkt f\u00fcr alle Projekte.","breadcrumb":{"@id":"https:\/\/www.tecnopress.it\/de\/nachhaltigkeit\/#breadcrumb"},"inLanguage":"de","potentialAction":[{"@type":"ReadAction","target":["https:\/\/www.tecnopress.it\/de\/nachhaltigkeit\/"]}]},{"@type":"ImageObject","inLanguage":"de","@id":"https:\/\/www.tecnopress.it\/de\/nachhaltigkeit\/#primaryimage","url":"https:\/\/www.tecnopress.it\/wp-content\/uploads\/2022\/12\/environmental-conservation-plant-sustainability-2022-12-16-00-41-30-utc.jpg","contentUrl":"https:\/\/www.tecnopress.it\/wp-content\/uploads\/2022\/12\/environmental-conservation-plant-sustainability-2022-12-16-00-41-30-utc.jpg","width":1080,"height":721},{"@type":"BreadcrumbList","@id":"https:\/\/www.tecnopress.it\/de\/nachhaltigkeit\/#breadcrumb","itemListElement":[{"@type":"ListItem","position":1,"name":"Home","item":"https:\/\/www.tecnopress.it\/de\/"},{"@type":"ListItem","position":2,"name":"Nachhaltigkeit"}]},{"@type":"WebSite","@id":"https:\/\/www.tecnopress.it\/de\/#website","url":"https:\/\/www.tecnopress.it\/de\/","name":"Tecnopress Spa","description":"We lead the innovaction","potentialAction":[{"@type":"SearchAction","target":{"@type":"EntryPoint","urlTemplate":"https:\/\/www.tecnopress.it\/de\/?s={search_term_string}"},"query-input":{"@type":"PropertyValueSpecification","valueRequired":true,"valueName":"search_term_string"}}],"inLanguage":"de"}]}},"_links":{"self":[{"href":"https:\/\/www.tecnopress.it\/de\/wp-json\/wp\/v2\/pages\/7691","targetHints":{"allow":["GET"]}}],"collection":[{"href":"https:\/\/www.tecnopress.it\/de\/wp-json\/wp\/v2\/pages"}],"about":[{"href":"https:\/\/www.tecnopress.it\/de\/wp-json\/wp\/v2\/types\/page"}],"author":[{"embeddable":true,"href":"https:\/\/www.tecnopress.it\/de\/wp-json\/wp\/v2\/users\/1"}],"replies":[{"embeddable":true,"href":"https:\/\/www.tecnopress.it\/de\/wp-json\/wp\/v2\/comments?post=7691"}],"version-history":[{"count":3,"href":"https:\/\/www.tecnopress.it\/de\/wp-json\/wp\/v2\/pages\/7691\/revisions"}],"predecessor-version":[{"id":11827,"href":"https:\/\/www.tecnopress.it\/de\/wp-json\/wp\/v2\/pages\/7691\/revisions\/11827"}],"wp:featuredmedia":[{"embeddable":true,"href":"https:\/\/www.tecnopress.it\/de\/wp-json\/wp\/v2\/media\/7704"}],"wp:attachment":[{"href":"https:\/\/www.tecnopress.it\/de\/wp-json\/wp\/v2\/media?parent=7691"}],"wp:term":[{"taxonomy":"category","embeddable":true,"href":"https:\/\/www.tecnopress.it\/de\/wp-json\/wp\/v2\/categories?post=7691"},{"taxonomy":"post_tag","embeddable":true,"href":"https:\/\/www.tecnopress.it\/de\/wp-json\/wp\/v2\/tags?post=7691"}],"curies":[{"name":"wp","href":"https:\/\/api.w.org\/{rel}","templated":true}]}}